{"id":27,"date":"2024-04-15T17:05:44","date_gmt":"2024-04-15T15:05:44","guid":{"rendered":"https:\/\/studiogapmartinique.com\/?page_id=27"},"modified":"2025-04-12T17:53:34","modified_gmt":"2025-04-12T15:53:34","slug":"g-a-p","status":"publish","type":"page","link":"https:\/\/studiogapmartinique.com\/","title":{"rendered":"G.A.P"},"content":{"rendered":"\n<p><strong>G<\/strong> comme G\u00e9raldine, n\u00e9e \u00e0 Chartres le 28 Mars 1971.   est une Femme artiste photographe dynamique et passionn\u00e9e, avide de d\u00e9couvrir diff\u00e9rentes cultures et paysages \u00e0 travers le monde pour le transmettre.<\/p>\n\n\n\n<p><strong>A<\/strong> comme Ac\u00e9lia, n\u00e9e en Loire Atlantique le 18 D\u00e9cembre 2003, est une jeune femme curieuse et enthousiaste, qui savoure la vie \u00e0 pleine dent. Dot\u00e9e d&rsquo;une soif de d\u00e9couverte et d&rsquo;une ouverture d&rsquo;esprit, elle aspire \u00e0 explorer le monde dans sa globalit\u00e9. Son exp\u00e9rience dans le service \u00e0 la client\u00e8le refl\u00e8te son engagement envers l&rsquo;hospitalit\u00e9 et le bien-\u00eatre des autres<\/p>\n\n\n\n<p><strong>P<\/strong> comme Patrick, n\u00e9 en Martinique le 8 Septembre 1965, est un homme curieux et sensible \u00e0 la beaut\u00e9 que la vie lui r\u00e9serve. Passionn\u00e9 par le partage et l&rsquo;apprentissage, il aime d\u00e9couvrir de nouvelles connaissances et exp\u00e9riences. En tant que technicien responsable, il allie son expertise \u00e0 son amour du partage pour contribuer au succ\u00e8s de sa Famille et de ses H\u00f4tes et amis.<\/p>\n\n\n\n<p><strong>Studio GAP, <\/strong> est issu de l&rsquo;amour de la famille, de la terre natale et d&rsquo;adoption, la Martinique. Impr\u00e9gn\u00e9s de son hospitalit\u00e9, de ses couleurs vibrantes, de sa culture riche et de ses paysages \u00e9poustouflants, nous partageons une passion commune pour ses activit\u00e9s sportives et artistiques vari\u00e9es, que nous tenons \u00e0 c\u0153ur \u00e0 faire partager pour nos vacanciers.<\/p>\n\n\n\n<p><\/p>\n","protected":false},"excerpt":{"rendered":"<p>G comme G\u00e9raldine, n\u00e9e \u00e0 Chartres le 28 Mars 1971. est une Femme artiste photographe dynamique et passionn\u00e9e, avide de d\u00e9couvrir diff\u00e9rentes cultures et paysages \u00e0 travers le monde pour le transmettre. A comme Ac\u00e9lia, n\u00e9e en Loire Atlantique le 18 D\u00e9cembre 2003, est une jeune femme curieuse et enthousiaste, qui savoure la vie \u00e0 pleine dent. Dot\u00e9e d&rsquo;une soif de d\u00e9couverte et d&rsquo;une ouverture d&rsquo;esprit, elle aspire \u00e0 explorer le monde dans sa globalit\u00e9. Son exp\u00e9rience dans le service&#8230;<\/p>\n<p class=\"read-more\"><a class=\"btn btn-default\" href=\"https:\/\/studiogapmartinique.com\/\">Lire la suite<span class=\"screen-reader-text\"> Lire la suite<\/span><\/a><\/p>\n","protected":false},"author":1,"featured_media":0,"parent":0,"menu_order":0,"comment_status":"closed","ping_status":"closed","template":"","meta":{"footnotes":""},"class_list":["post-27","page","type-page","status-publish","hentry"],"_links":{"self":[{"href":"https:\/\/studiogapmartinique.com\/index.php\/wp-json\/wp\/v2\/pages\/27","targetHints":{"allow":["GET"]}}],"collection":[{"href":"https:\/\/studiogapmartinique.com\/index.php\/wp-json\/wp\/v2\/pages"}],"about":[{"href":"https:\/\/studiogapmartinique.com\/index.php\/wp-json\/wp\/v2\/types\/page"}],"author":[{"embeddable":true,"href":"https:\/\/studiogapmartinique.com\/index.php\/wp-json\/wp\/v2\/users\/1"}],"replies":[{"embeddable":true,"href":"https:\/\/studiogapmartinique.com\/index.php\/wp-json\/wp\/v2\/comments?post=27"}],"version-history":[{"count":4,"href":"https:\/\/studiogapmartinique.com\/index.php\/wp-json\/wp\/v2\/pages\/27\/revisions"}],"predecessor-version":[{"id":463,"href":"https:\/\/studiogapmartinique.com\/index.php\/wp-json\/wp\/v2\/pages\/27\/revisions\/463"}],"wp:attachment":[{"href":"https:\/\/studiogapmartinique.com\/index.php\/wp-json\/wp\/v2\/media?parent=27"}],"curies":[{"name":"wp","href":"https:\/\/api.w.org\/{rel}","templated":true}]}}